{"id":1162,"date":"2018-08-04T07:04:28","date_gmt":"2018-08-04T07:04:28","guid":{"rendered":"https:\/\/mio.pe\/miocorp\/blog-grid-classic-3\/"},"modified":"2023-08-25T09:15:28","modified_gmt":"2023-08-25T14:15:28","slug":"blog-y-noticias","status":"publish","type":"page","link":"https:\/\/mio.pe\/miocorp\/blog-y-noticias\/","title":{"rendered":"Blog &#038; Noticias"},"content":{"rendered":"<div class=\"wpb-content-wrapper\"><p>[vc_row][vc_column][tm_blog style=\u00bbgrid_classic_03&#8243; gutter=\u00bb30&#8243; number=\u00bb6&#8243; pagination=\u00bbpagination\u00bb columns=\u00bbxs:1;sm:2;lg:3&#8243;][\/vc_column][\/vc_row]<\/p>\n<\/div>","protected":false},"excerpt":{"rendered":"<p>[vc_row][vc_column][tm_blog style=\u00bbgrid_classic_03&#8243; gutter=\u00bb30&#8243; number=\u00bb6&#8243; pagination=\u00bbpagination\u00bb columns=\u00bbxs:1;sm:2;lg:3&#8243;][\/vc_column][\/vc_row]<\/p>\n","protected":false},"author":2,"featured_media":0,"parent":0,"menu_order":0,"comment_status":"closed","ping_status":"closed","template":"","meta":{"footnotes":""},"class_list":["post-1162","page","type-page","status-publish","hentry"],"yoast_head":"<!-- This site is optimized with the Yoast SEO plugin v27.6 - https:\/\/yoast.com\/product\/yoast-seo-wordpress\/ -->\n<title>Blog &amp; Noticias - Mio Corporaci\u00f3n Tecnolog\u00eda SAC<\/title>\n<meta name=\"robots\" content=\"noindex, follow, max-snippet:-1, max-image-preview:large, max-video-preview:-1\" \/>\n<meta property=\"og:locale\" content=\"es_ES\" \/>\n<meta property=\"og:type\" content=\"article\" \/>\n<meta property=\"og:title\" content=\"Blog &amp; Noticias - Mio Corporaci\u00f3n Tecnolog\u00eda SAC\" \/>\n<meta property=\"og:description\" content=\"[vc_row][vc_column][tm_blog style=\u00bbgrid_classic_03&#8243; gutter=\u00bb30&#8243; number=\u00bb6&#8243; pagination=\u00bbpagination\u00bb columns=\u00bbxs:1;sm:2;lg:3&#8243;][\/vc_column][\/vc_row]\" \/>\n<meta property=\"og:url\" content=\"https:\/\/mio.pe\/miocorp\/blog-y-noticias\/\" \/>\n<meta property=\"og:site_name\" content=\"Mio Corporaci\u00f3n Tecnolog\u00eda SAC\" \/>\n<meta property=\"article:modified_time\" content=\"2023-08-25T14:15:28+00:00\" \/>\n<meta name=\"twitter:card\" content=\"summary_large_image\" \/>\n<script type=\"application\/ld+json\" class=\"yoast-schema-graph\">{\"@context\":\"https:\\\/\\\/schema.org\",\"@graph\":[{\"@type\":\"WebPage\",\"@id\":\"https:\\\/\\\/mio.pe\\\/miocorp\\\/blog-y-noticias\\\/\",\"url\":\"https:\\\/\\\/mio.pe\\\/miocorp\\\/blog-y-noticias\\\/\",\"name\":\"Blog & Noticias - Mio Corporaci\u00f3n Tecnolog\u00eda SAC\",\"isPartOf\":{\"@id\":\"https:\\\/\\\/mio.pe\\\/miocorp\\\/#website\"},\"datePublished\":\"2018-08-04T07:04:28+00:00\",\"dateModified\":\"2023-08-25T14:15:28+00:00\",\"breadcrumb\":{\"@id\":\"https:\\\/\\\/mio.pe\\\/miocorp\\\/blog-y-noticias\\\/#breadcrumb\"},\"inLanguage\":\"es\",\"potentialAction\":[{\"@type\":\"ReadAction\",\"target\":[\"https:\\\/\\\/mio.pe\\\/miocorp\\\/blog-y-noticias\\\/\"]}]},{\"@type\":\"BreadcrumbList\",\"@id\":\"https:\\\/\\\/mio.pe\\\/miocorp\\\/blog-y-noticias\\\/#breadcrumb\",\"itemListElement\":[{\"@type\":\"ListItem\",\"position\":1,\"name\":\"Portada\",\"item\":\"https:\\\/\\\/mio.pe\\\/miocorp\\\/\"},{\"@type\":\"ListItem\",\"position\":2,\"name\":\"Blog &#038; Noticias\"}]},{\"@type\":\"WebSite\",\"@id\":\"https:\\\/\\\/mio.pe\\\/miocorp\\\/#website\",\"url\":\"https:\\\/\\\/mio.pe\\\/miocorp\\\/\",\"name\":\"Mio Corporaci\u00f3n Tecnolog\u00eda SAC\",\"description\":\"Tecnolog\u00eda que genera valor\",\"publisher\":{\"@id\":\"https:\\\/\\\/mio.pe\\\/miocorp\\\/#organization\"},\"potentialAction\":[{\"@type\":\"SearchAction\",\"target\":{\"@type\":\"EntryPoint\",\"urlTemplate\":\"https:\\\/\\\/mio.pe\\\/miocorp\\\/?s={search_term_string}\"},\"query-input\":{\"@type\":\"PropertyValueSpecification\",\"valueRequired\":true,\"valueName\":\"search_term_string\"}}],\"inLanguage\":\"es\"},{\"@type\":\"Organization\",\"@id\":\"https:\\\/\\\/mio.pe\\\/miocorp\\\/#organization\",\"name\":\"Mio Corporaci\u00f3n Tecnolog\u00eda SAC\",\"url\":\"https:\\\/\\\/mio.pe\\\/miocorp\\\/\",\"logo\":{\"@type\":\"ImageObject\",\"inLanguage\":\"es\",\"@id\":\"https:\\\/\\\/mio.pe\\\/miocorp\\\/#\\\/schema\\\/logo\\\/image\\\/\",\"url\":\"https:\\\/\\\/mio.pe\\\/miocorp\\\/wp-content\\\/uploads\\\/2018\\\/07\\\/mio-web-dark-logo.png\",\"contentUrl\":\"https:\\\/\\\/mio.pe\\\/miocorp\\\/wp-content\\\/uploads\\\/2018\\\/07\\\/mio-web-dark-logo.png\",\"width\":500,\"height\":250,\"caption\":\"Mio Corporaci\u00f3n Tecnolog\u00eda SAC\"},\"image\":{\"@id\":\"https:\\\/\\\/mio.pe\\\/miocorp\\\/#\\\/schema\\\/logo\\\/image\\\/\"},\"sameAs\":[\"https:\\\/\\\/www.linkedin.com\\\/company\\\/mio-corporacin\\\/\"]}]}<\/script>\n<!-- \/ Yoast SEO plugin. -->","yoast_head_json":{"title":"Blog & Noticias - Mio Corporaci\u00f3n Tecnolog\u00eda SAC","robots":{"index":"noindex","follow":"follow","max-snippet":"max-snippet:-1","max-image-preview":"max-image-preview:large","max-video-preview":"max-video-preview:-1"},"og_locale":"es_ES","og_type":"article","og_title":"Blog & Noticias - Mio Corporaci\u00f3n Tecnolog\u00eda SAC","og_description":"[vc_row][vc_column][tm_blog style=\u00bbgrid_classic_03&#8243; gutter=\u00bb30&#8243; number=\u00bb6&#8243; pagination=\u00bbpagination\u00bb columns=\u00bbxs:1;sm:2;lg:3&#8243;][\/vc_column][\/vc_row]","og_url":"https:\/\/mio.pe\/miocorp\/blog-y-noticias\/","og_site_name":"Mio Corporaci\u00f3n Tecnolog\u00eda SAC","article_modified_time":"2023-08-25T14:15:28+00:00","twitter_card":"summary_large_image","schema":{"@context":"https:\/\/schema.org","@graph":[{"@type":"WebPage","@id":"https:\/\/mio.pe\/miocorp\/blog-y-noticias\/","url":"https:\/\/mio.pe\/miocorp\/blog-y-noticias\/","name":"Blog & Noticias - Mio Corporaci\u00f3n Tecnolog\u00eda SAC","isPartOf":{"@id":"https:\/\/mio.pe\/miocorp\/#website"},"datePublished":"2018-08-04T07:04:28+00:00","dateModified":"2023-08-25T14:15:28+00:00","breadcrumb":{"@id":"https:\/\/mio.pe\/miocorp\/blog-y-noticias\/#breadcrumb"},"inLanguage":"es","potentialAction":[{"@type":"ReadAction","target":["https:\/\/mio.pe\/miocorp\/blog-y-noticias\/"]}]},{"@type":"BreadcrumbList","@id":"https:\/\/mio.pe\/miocorp\/blog-y-noticias\/#breadcrumb","itemListElement":[{"@type":"ListItem","position":1,"name":"Portada","item":"https:\/\/mio.pe\/miocorp\/"},{"@type":"ListItem","position":2,"name":"Blog &#038; Noticias"}]},{"@type":"WebSite","@id":"https:\/\/mio.pe\/miocorp\/#website","url":"https:\/\/mio.pe\/miocorp\/","name":"Mio Corporaci\u00f3n Tecnolog\u00eda SAC","description":"Tecnolog\u00eda que genera valor","publisher":{"@id":"https:\/\/mio.pe\/miocorp\/#organization"},"potentialAction":[{"@type":"SearchAction","target":{"@type":"EntryPoint","urlTemplate":"https:\/\/mio.pe\/miocorp\/?s={search_term_string}"},"query-input":{"@type":"PropertyValueSpecification","valueRequired":true,"valueName":"search_term_string"}}],"inLanguage":"es"},{"@type":"Organization","@id":"https:\/\/mio.pe\/miocorp\/#organization","name":"Mio Corporaci\u00f3n Tecnolog\u00eda SAC","url":"https:\/\/mio.pe\/miocorp\/","logo":{"@type":"ImageObject","inLanguage":"es","@id":"https:\/\/mio.pe\/miocorp\/#\/schema\/logo\/image\/","url":"https:\/\/mio.pe\/miocorp\/wp-content\/uploads\/2018\/07\/mio-web-dark-logo.png","contentUrl":"https:\/\/mio.pe\/miocorp\/wp-content\/uploads\/2018\/07\/mio-web-dark-logo.png","width":500,"height":250,"caption":"Mio Corporaci\u00f3n Tecnolog\u00eda SAC"},"image":{"@id":"https:\/\/mio.pe\/miocorp\/#\/schema\/logo\/image\/"},"sameAs":["https:\/\/www.linkedin.com\/company\/mio-corporacin\/"]}]}},"_links":{"self":[{"href":"https:\/\/mio.pe\/miocorp\/wp-json\/wp\/v2\/pages\/1162","targetHints":{"allow":["GET"]}}],"collection":[{"href":"https:\/\/mio.pe\/miocorp\/wp-json\/wp\/v2\/pages"}],"about":[{"href":"https:\/\/mio.pe\/miocorp\/wp-json\/wp\/v2\/types\/page"}],"author":[{"embeddable":true,"href":"https:\/\/mio.pe\/miocorp\/wp-json\/wp\/v2\/users\/2"}],"replies":[{"embeddable":true,"href":"https:\/\/mio.pe\/miocorp\/wp-json\/wp\/v2\/comments?post=1162"}],"version-history":[{"count":1,"href":"https:\/\/mio.pe\/miocorp\/wp-json\/wp\/v2\/pages\/1162\/revisions"}],"predecessor-version":[{"id":3657,"href":"https:\/\/mio.pe\/miocorp\/wp-json\/wp\/v2\/pages\/1162\/revisions\/3657"}],"wp:attachment":[{"href":"https:\/\/mio.pe\/miocorp\/wp-json\/wp\/v2\/media?parent=1162"}],"curies":[{"name":"wp","href":"https:\/\/api.w.org\/{rel}","templated":true}]}}