{"id":1025,"date":"2018-08-02T07:25:22","date_gmt":"2018-08-02T07:25:22","guid":{"rendered":"https:\/\/mio.pe\/miocorp\/contact-us-01\/"},"modified":"2023-08-28T09:22:08","modified_gmt":"2023-08-28T14:22:08","slug":"contacto","status":"publish","type":"page","link":"https:\/\/mio.pe\/miocorp\/contacto\/","title":{"rendered":"Contacto"},"content":{"rendered":"<div class=\"wpb-content-wrapper\"><p>[vc_row full_width=\u00bbstretch_row_content_no_spaces\u00bb][vc_column][\/vc_column][\/vc_row][vc_row lg_spacing=\u00bbpadding_top:90;padding_bottom:30&#8243;][vc_column width=\u00bb1\/3&#8243; lg_spacing=\u00bbmargin_bottom:30;padding_top:0&#8243;][vc_row_inner content_placement=\u00bbmiddle\u00bb][vc_column_inner width=\u00bb1\/4&#8243; lg_spacing=\u00bbmargin_bottom:30;padding_top:0&#8243;][tm_image image=\u00bb1059&#8243;][\/vc_column_inner][vc_column_inner width=\u00bb3\/4&#8243; lg_spacing=\u00bbmargin_bottom:30;padding_top:0&#8243;][tm_heading tag=\u00bbdiv\u00bb custom_google_font=\u00bb\u00bb google_fonts=\u00bbfont_family:Poppins%3A300%2Cregular%2C500%2C600%2C700|font_style:700%20bold%20regular%3A700%3Anormal\u00bb font_weight=\u00bb700&#8243; text_color=\u00bbsecondary\u00bb text=\u00bbDirecci\u00f3n\u00bb line_height=\u00bb1&#8243; font_size=\u00bblg:18&#8243; css=\u00bb.vc_custom_1692136880485{margin-bottom: 10px !important;}\u00bb][tm_heading tag=\u00bbdiv\u00bb custom_google_font=\u00bb\u00bb google_fonts=\u00bbfont_family:Poppins%3A300%2Cregular%2C500%2C600%2C700|font_style:400%20regular%3A400%3Anormal\u00bb text=\u00bbAv. Nicol\u00e1s Ayll\u00f3n 2929, 4to piso, El Agustino.\u00bb line_height=\u00bb24px\u00bb][\/vc_column_inner][\/vc_row_inner][\/vc_column][vc_column width=\u00bb1\/3&#8243; lg_spacing=\u00bbmargin_bottom:30;padding_top:0&#8243;][vc_row_inner content_placement=\u00bbmiddle\u00bb][vc_column_inner width=\u00bb1\/4&#8243; lg_spacing=\u00bbmargin_bottom:30;padding_top:0&#8243;][tm_image image=\u00bb1060&#8243;][\/vc_column_inner][vc_column_inner width=\u00bb3\/4&#8243; lg_spacing=\u00bbmargin_bottom:30;padding_top:0&#8243;][tm_heading tag=\u00bbdiv\u00bb custom_google_font=\u00bb\u00bb google_fonts=\u00bbfont_family:Poppins%3A300%2Cregular%2C500%2C600%2C700|font_style:700%20bold%20regular%3A700%3Anormal\u00bb font_weight=\u00bb700&#8243; text_color=\u00bbsecondary\u00bb text=\u00bbCentral telef\u00f3nica\u00bb line_height=\u00bb1&#8243; font_size=\u00bblg:18&#8243; css=\u00bb.vc_custom_1692136934818{margin-bottom: 10px !important;}\u00bb][tm_heading tag=\u00bbdiv\u00bb custom_google_font=\u00bb\u00bb google_fonts=\u00bbfont_family:Poppins%3A300%2Cregular%2C500%2C600%2C700|font_style:400%20regular%3A400%3Anormal\u00bb text=\u00bb(01) 640 1609&#8243; line_height=\u00bb24px\u00bb][\/vc_column_inner][\/vc_row_inner][\/vc_column][vc_column width=\u00bb1\/3&#8243; lg_spacing=\u00bbmargin_bottom:30;padding_top:0&#8243;][vc_row_inner content_placement=\u00bbmiddle\u00bb][vc_column_inner width=\u00bb1\/4&#8243; lg_spacing=\u00bbmargin_bottom:30;padding_top:0&#8243;][tm_image image=\u00bb1061&#8243;][\/vc_column_inner][vc_column_inner width=\u00bb3\/4&#8243; lg_spacing=\u00bbmargin_bottom:30;padding_top:0&#8243;][tm_heading tag=\u00bbdiv\u00bb custom_google_font=\u00bb\u00bb google_fonts=\u00bbfont_family:Poppins%3A300%2Cregular%2C500%2C600%2C700|font_style:700%20bold%20regular%3A700%3Anormal\u00bb font_weight=\u00bb700&#8243; text_color=\u00bbsecondary\u00bb text=\u00bbAtenci\u00f3n\u00bb line_height=\u00bb1&#8243; font_size=\u00bblg:18&#8243; css=\u00bb.vc_custom_1692137009244{margin-bottom: 10px !important;}\u00bb][tm_heading tag=\u00bbdiv\u00bb custom_google_font=\u00bb\u00bb google_fonts=\u00bbfont_family:Poppins%3A300%2Cregular%2C500%2C600%2C700|font_style:400%20regular%3A400%3Anormal\u00bb text=\u00bbventas@mio.pe\u00bb line_height=\u00bb24px\u00bb][\/vc_column_inner][\/vc_row_inner][\/vc_column][\/vc_row][vc_row][vc_column][tm_heading tag=\u00bbdiv\u00bb custom_google_font=\u00bb\u00bb google_fonts=\u00bbfont_family:Poppins%3A300%2Cregular%2C500%2C600%2C700|font_style:700%20bold%20regular%3A700%3Anormal\u00bb font_weight=\u00bb700&#8243; align=\u00bbcenter\u00bb text_color=\u00bbsecondary\u00bb text=\u00bb\u00a1Cont\u00e1ctate con nosotros!\u00bb line_height=\u00bb1&#8243; font_size=\u00bblg:40&#8243; css=\u00bb.vc_custom_1692137066319{margin-bottom: 10px !important;}\u00bb][tm_spacer size=\u00bblg:70&#8243;][tm_contact_form_7 id=\u00bb1073&#8243; style=\u00bb08&#8243;][tm_spacer size=\u00bblg:120&#8243;][\/vc_column][\/vc_row]<\/p>\n<\/div>","protected":false},"excerpt":{"rendered":"<p>[vc_row full_width=\u00bbstretch_row_content_no_spaces\u00bb][vc_column][\/vc_column][\/vc_row][vc_row lg_spacing=\u00bbpadding_top:90;padding_bottom:30&#8243;][vc_column width=\u00bb1\/3&#8243; lg_spacing=\u00bbmargin_bottom:30;padding_top:0&#8243;][vc_row_inner content_placement=\u00bbmiddle\u00bb][vc_column_inner width=\u00bb1\/4&#8243; lg_spacing=\u00bbmargin_bottom:30;padding_top:0&#8243;][tm_image image=\u00bb1059&#8243;][\/vc_column_inner][vc_column_inner width=\u00bb3\/4&#8243; lg_spacing=\u00bbmargin_bottom:30;padding_top:0&#8243;][tm_heading tag=\u00bbdiv\u00bb custom_google_font=\u00bb\u00bb google_fonts=\u00bbfont_family:Poppins%3A300%2Cregular%2C500%2C600%2C700|font_style:700%20bold%20regular%3A700%3Anormal\u00bb font_weight=\u00bb700&#8243; text_color=\u00bbsecondary\u00bb text=\u00bbDirecci\u00f3n\u00bb line_height=\u00bb1&#8243; font_size=\u00bblg:18&#8243; css=\u00bb.vc_custom_1692136880485{margin-bottom: 10px !important;}\u00bb][tm_heading tag=\u00bbdiv\u00bb custom_google_font=\u00bb\u00bb google_fonts=\u00bbfont_family:Poppins%3A300%2Cregular%2C500%2C600%2C700|font_style:400%20regular%3A400%3Anormal\u00bb text=\u00bbAv. Nicol\u00e1s Ayll\u00f3n 2929, 4to piso, El Agustino.\u00bb line_height=\u00bb24px\u00bb][\/vc_column_inner][\/vc_row_inner][\/vc_column][vc_column width=\u00bb1\/3&#8243; lg_spacing=\u00bbmargin_bottom:30;padding_top:0&#8243;][vc_row_inner content_placement=\u00bbmiddle\u00bb][vc_column_inner width=\u00bb1\/4&#8243; lg_spacing=\u00bbmargin_bottom:30;padding_top:0&#8243;][tm_image image=\u00bb1060&#8243;][\/vc_column_inner][vc_column_inner width=\u00bb3\/4&#8243; lg_spacing=\u00bbmargin_bottom:30;padding_top:0&#8243;][tm_heading tag=\u00bbdiv\u00bb custom_google_font=\u00bb\u00bb google_fonts=\u00bbfont_family:Poppins%3A300%2Cregular%2C500%2C600%2C700|font_style:700%20bold%20regular%3A700%3Anormal\u00bb font_weight=\u00bb700&#8243; text_color=\u00bbsecondary\u00bb text=\u00bbCentral telef\u00f3nica\u00bb line_height=\u00bb1&#8243; font_size=\u00bblg:18&#8243; css=\u00bb.vc_custom_1692136934818{margin-bottom: 10px !important;}\u00bb][tm_heading tag=\u00bbdiv\u00bb custom_google_font=\u00bb\u00bb google_fonts=\u00bbfont_family:Poppins%3A300%2Cregular%2C500%2C600%2C700|font_style:400%20regular%3A400%3Anormal\u00bb text=\u00bb(01) 640 1609&#8243; line_height=\u00bb24px\u00bb][\/vc_column_inner][\/vc_row_inner][\/vc_column][vc_column width=\u00bb1\/3&#8243; lg_spacing=\u00bbmargin_bottom:30;padding_top:0&#8243;][vc_row_inner content_placement=\u00bbmiddle\u00bb][vc_column_inner width=\u00bb1\/4&#8243; lg_spacing=\u00bbmargin_bottom:30;padding_top:0&#8243;][tm_image image=\u00bb1061&#8243;][\/vc_column_inner][vc_column_inner width=\u00bb3\/4&#8243; lg_spacing=\u00bbmargin_bottom:30;padding_top:0&#8243;][tm_heading tag=\u00bbdiv\u00bb custom_google_font=\u00bb\u00bb google_fonts=\u00bbfont_family:Poppins%3A300%2Cregular%2C500%2C600%2C700|font_style:700%20bold%20regular%3A700%3Anormal\u00bb font_weight=\u00bb700&#8243; text_color=\u00bbsecondary\u00bb text=\u00bbAtenci\u00f3n\u00bb line_height=\u00bb1&#8243; font_size=\u00bblg:18&#8243; css=\u00bb.vc_custom_1692137009244{margin-bottom: 10px !important;}\u00bb][tm_heading tag=\u00bbdiv\u00bb custom_google_font=\u00bb\u00bb google_fonts=\u00bbfont_family:Poppins%3A300%2Cregular%2C500%2C600%2C700|font_style:400%20regular%3A400%3Anormal\u00bb text=\u00bbventas@mio.pe\u00bb line_height=\u00bb24px\u00bb][\/vc_column_inner][\/vc_row_inner][\/vc_column][\/vc_row][vc_row][vc_column][tm_heading tag=\u00bbdiv\u00bb custom_google_font=\u00bb\u00bb google_fonts=\u00bbfont_family:Poppins%3A300%2Cregular%2C500%2C600%2C700|font_style:700%20bold%20regular%3A700%3Anormal\u00bb font_weight=\u00bb700&#8243; align=\u00bbcenter\u00bb text_color=\u00bbsecondary\u00bb text=\u00bb\u00a1Cont\u00e1ctate con nosotros!\u00bb line_height=\u00bb1&#8243; font_size=\u00bblg:40&#8243; css=\u00bb.vc_custom_1692137066319{margin-bottom: 10px !important;}\u00bb][tm_spacer size=\u00bblg:70&#8243;][tm_contact_form_7 id=\u00bb1073&#8243; style=\u00bb08&#8243;][tm_spacer size=\u00bblg:120&#8243;][\/vc_column][\/vc_row]<\/p>\n","protected":false},"author":2,"featured_media":0,"parent":0,"menu_order":0,"comment_status":"closed","ping_status":"closed","template":"","meta":{"footnotes":""},"class_list":["post-1025","page","type-page","status-publish","hentry"],"yoast_head":"<!-- This site is optimized with the Yoast SEO plugin v27.6 - https:\/\/yoast.com\/product\/yoast-seo-wordpress\/ -->\n<title>Contacto - Mio Corporaci\u00f3n Tecnolog\u00eda SAC<\/title>\n<meta name=\"robots\" content=\"noindex, follow, max-snippet:-1, max-image-preview:large, max-video-preview:-1\" \/>\n<meta property=\"og:locale\" content=\"es_ES\" \/>\n<meta property=\"og:type\" content=\"article\" \/>\n<meta property=\"og:title\" content=\"Contacto - Mio Corporaci\u00f3n Tecnolog\u00eda SAC\" \/>\n<meta property=\"og:description\" content=\"[vc_row full_width=\u00bbstretch_row_content_no_spaces\u00bb][vc_column][\/vc_column][\/vc_row][vc_row lg_spacing=\u00bbpadding_top:90;padding_bottom:30&#8243;][vc_column width=\u00bb1\/3&#8243; lg_spacing=\u00bbmargin_bottom:30;padding_top:0&#8243;][vc_row_inner content_placement=\u00bbmiddle\u00bb][vc_column_inner width=\u00bb1\/4&#8243; lg_spacing=\u00bbmargin_bottom:30;padding_top:0&#8243;][tm_image image=\u00bb1059&#8243;][\/vc_column_inner][vc_column_inner width=\u00bb3\/4&#8243; lg_spacing=\u00bbmargin_bottom:30;padding_top:0&#8243;][tm_heading tag=\u00bbdiv\u00bb custom_google_font=\u00bb\u00bb google_fonts=\u00bbfont_family:Poppins%3A300%2Cregular%2C500%2C600%2C700|font_style:700%20bold%20regular%3A700%3Anormal\u00bb font_weight=\u00bb700&#8243; text_color=\u00bbsecondary\u00bb text=\u00bbDirecci\u00f3n\u00bb line_height=\u00bb1&#8243; font_size=\u00bblg:18&#8243; css=\u00bb.vc_custom_1692136880485{margin-bottom: 10px !important;}\u00bb][tm_heading tag=\u00bbdiv\u00bb custom_google_font=\u00bb\u00bb google_fonts=\u00bbfont_family:Poppins%3A300%2Cregular%2C500%2C600%2C700|font_style:400%20regular%3A400%3Anormal\u00bb text=\u00bbAv. Nicol\u00e1s Ayll\u00f3n 2929, 4to piso, El Agustino.\u00bb line_height=\u00bb24px\u00bb][\/vc_column_inner][\/vc_row_inner][\/vc_column][vc_column width=\u00bb1\/3&#8243; lg_spacing=\u00bbmargin_bottom:30;padding_top:0&#8243;][vc_row_inner content_placement=\u00bbmiddle\u00bb][vc_column_inner width=\u00bb1\/4&#8243; lg_spacing=\u00bbmargin_bottom:30;padding_top:0&#8243;][tm_image image=\u00bb1060&#8243;][\/vc_column_inner][vc_column_inner width=\u00bb3\/4&#8243; lg_spacing=\u00bbmargin_bottom:30;padding_top:0&#8243;][tm_heading tag=\u00bbdiv\u00bb custom_google_font=\u00bb\u00bb google_fonts=\u00bbfont_family:Poppins%3A300%2Cregular%2C500%2C600%2C700|font_style:700%20bold%20regular%3A700%3Anormal\u00bb font_weight=\u00bb700&#8243; text_color=\u00bbsecondary\u00bb text=\u00bbCentral telef\u00f3nica\u00bb line_height=\u00bb1&#8243; font_size=\u00bblg:18&#8243; css=\u00bb.vc_custom_1692136934818{margin-bottom: 10px !important;}\u00bb][tm_heading tag=\u00bbdiv\u00bb custom_google_font=\u00bb\u00bb google_fonts=\u00bbfont_family:Poppins%3A300%2Cregular%2C500%2C600%2C700|font_style:400%20regular%3A400%3Anormal\u00bb text=\u00bb(01) 640 1609&#8243; line_height=\u00bb24px\u00bb][\/vc_column_inner][\/vc_row_inner][\/vc_column][vc_column width=\u00bb1\/3&#8243; lg_spacing=\u00bbmargin_bottom:30;padding_top:0&#8243;][vc_row_inner content_placement=\u00bbmiddle\u00bb][vc_column_inner width=\u00bb1\/4&#8243; lg_spacing=\u00bbmargin_bottom:30;padding_top:0&#8243;][tm_image image=\u00bb1061&#8243;][\/vc_column_inner][vc_column_inner width=\u00bb3\/4&#8243; lg_spacing=\u00bbmargin_bottom:30;padding_top:0&#8243;][tm_heading tag=\u00bbdiv\u00bb custom_google_font=\u00bb\u00bb google_fonts=\u00bbfont_family:Poppins%3A300%2Cregular%2C500%2C600%2C700|font_style:700%20bold%20regular%3A700%3Anormal\u00bb font_weight=\u00bb700&#8243; text_color=\u00bbsecondary\u00bb text=\u00bbAtenci\u00f3n\u00bb line_height=\u00bb1&#8243; font_size=\u00bblg:18&#8243; css=\u00bb.vc_custom_1692137009244{margin-bottom: 10px !important;}\u00bb][tm_heading tag=\u00bbdiv\u00bb custom_google_font=\u00bb\u00bb google_fonts=\u00bbfont_family:Poppins%3A300%2Cregular%2C500%2C600%2C700|font_style:400%20regular%3A400%3Anormal\u00bb text=\u00bbventas@mio.pe\u00bb line_height=\u00bb24px\u00bb][\/vc_column_inner][\/vc_row_inner][\/vc_column][\/vc_row][vc_row][vc_column][tm_heading tag=\u00bbdiv\u00bb custom_google_font=\u00bb\u00bb google_fonts=\u00bbfont_family:Poppins%3A300%2Cregular%2C500%2C600%2C700|font_style:700%20bold%20regular%3A700%3Anormal\u00bb font_weight=\u00bb700&#8243; align=\u00bbcenter\u00bb text_color=\u00bbsecondary\u00bb text=\u00bb\u00a1Cont\u00e1ctate con nosotros!\u00bb line_height=\u00bb1&#8243; font_size=\u00bblg:40&#8243; css=\u00bb.vc_custom_1692137066319{margin-bottom: 10px !important;}\u00bb][tm_spacer size=\u00bblg:70&#8243;][tm_contact_form_7 id=\u00bb1073&#8243; style=\u00bb08&#8243;][tm_spacer size=\u00bblg:120&#8243;][\/vc_column][\/vc_row]\" \/>\n<meta property=\"og:url\" content=\"https:\/\/mio.pe\/miocorp\/contacto\/\" \/>\n<meta property=\"og:site_name\" content=\"Mio Corporaci\u00f3n Tecnolog\u00eda SAC\" \/>\n<meta property=\"article:modified_time\" content=\"2023-08-28T14:22:08+00:00\" \/>\n<meta name=\"twitter:card\" content=\"summary_large_image\" \/>\n<meta name=\"twitter:label1\" content=\"Tiempo de lectura\" \/>\n\t<meta name=\"twitter:data1\" content=\"2 minutos\" \/>\n<script type=\"application\/ld+json\" class=\"yoast-schema-graph\">{\"@context\":\"https:\\\/\\\/schema.org\",\"@graph\":[{\"@type\":\"WebPage\",\"@id\":\"https:\\\/\\\/mio.pe\\\/miocorp\\\/contacto\\\/\",\"url\":\"https:\\\/\\\/mio.pe\\\/miocorp\\\/contacto\\\/\",\"name\":\"Contacto - Mio Corporaci\u00f3n Tecnolog\u00eda SAC\",\"isPartOf\":{\"@id\":\"https:\\\/\\\/mio.pe\\\/miocorp\\\/#website\"},\"datePublished\":\"2018-08-02T07:25:22+00:00\",\"dateModified\":\"2023-08-28T14:22:08+00:00\",\"breadcrumb\":{\"@id\":\"https:\\\/\\\/mio.pe\\\/miocorp\\\/contacto\\\/#breadcrumb\"},\"inLanguage\":\"es\",\"potentialAction\":[{\"@type\":\"ReadAction\",\"target\":[\"https:\\\/\\\/mio.pe\\\/miocorp\\\/contacto\\\/\"]}]},{\"@type\":\"BreadcrumbList\",\"@id\":\"https:\\\/\\\/mio.pe\\\/miocorp\\\/contacto\\\/#breadcrumb\",\"itemListElement\":[{\"@type\":\"ListItem\",\"position\":1,\"name\":\"Portada\",\"item\":\"https:\\\/\\\/mio.pe\\\/miocorp\\\/\"},{\"@type\":\"ListItem\",\"position\":2,\"name\":\"Contacto\"}]},{\"@type\":\"WebSite\",\"@id\":\"https:\\\/\\\/mio.pe\\\/miocorp\\\/#website\",\"url\":\"https:\\\/\\\/mio.pe\\\/miocorp\\\/\",\"name\":\"Mio Corporaci\u00f3n Tecnolog\u00eda SAC\",\"description\":\"Tecnolog\u00eda que genera valor\",\"publisher\":{\"@id\":\"https:\\\/\\\/mio.pe\\\/miocorp\\\/#organization\"},\"potentialAction\":[{\"@type\":\"SearchAction\",\"target\":{\"@type\":\"EntryPoint\",\"urlTemplate\":\"https:\\\/\\\/mio.pe\\\/miocorp\\\/?s={search_term_string}\"},\"query-input\":{\"@type\":\"PropertyValueSpecification\",\"valueRequired\":true,\"valueName\":\"search_term_string\"}}],\"inLanguage\":\"es\"},{\"@type\":\"Organization\",\"@id\":\"https:\\\/\\\/mio.pe\\\/miocorp\\\/#organization\",\"name\":\"Mio Corporaci\u00f3n Tecnolog\u00eda SAC\",\"url\":\"https:\\\/\\\/mio.pe\\\/miocorp\\\/\",\"logo\":{\"@type\":\"ImageObject\",\"inLanguage\":\"es\",\"@id\":\"https:\\\/\\\/mio.pe\\\/miocorp\\\/#\\\/schema\\\/logo\\\/image\\\/\",\"url\":\"https:\\\/\\\/mio.pe\\\/miocorp\\\/wp-content\\\/uploads\\\/2018\\\/07\\\/mio-web-dark-logo.png\",\"contentUrl\":\"https:\\\/\\\/mio.pe\\\/miocorp\\\/wp-content\\\/uploads\\\/2018\\\/07\\\/mio-web-dark-logo.png\",\"width\":500,\"height\":250,\"caption\":\"Mio Corporaci\u00f3n Tecnolog\u00eda SAC\"},\"image\":{\"@id\":\"https:\\\/\\\/mio.pe\\\/miocorp\\\/#\\\/schema\\\/logo\\\/image\\\/\"},\"sameAs\":[\"https:\\\/\\\/www.linkedin.com\\\/company\\\/mio-corporacin\\\/\"]}]}<\/script>\n<!-- \/ Yoast SEO plugin. -->","yoast_head_json":{"title":"Contacto - Mio Corporaci\u00f3n Tecnolog\u00eda SAC","robots":{"index":"noindex","follow":"follow","max-snippet":"max-snippet:-1","max-image-preview":"max-image-preview:large","max-video-preview":"max-video-preview:-1"},"og_locale":"es_ES","og_type":"article","og_title":"Contacto - Mio Corporaci\u00f3n Tecnolog\u00eda SAC","og_description":"[vc_row full_width=\u00bbstretch_row_content_no_spaces\u00bb][vc_column][\/vc_column][\/vc_row][vc_row lg_spacing=\u00bbpadding_top:90;padding_bottom:30&#8243;][vc_column width=\u00bb1\/3&#8243; lg_spacing=\u00bbmargin_bottom:30;padding_top:0&#8243;][vc_row_inner content_placement=\u00bbmiddle\u00bb][vc_column_inner width=\u00bb1\/4&#8243; lg_spacing=\u00bbmargin_bottom:30;padding_top:0&#8243;][tm_image image=\u00bb1059&#8243;][\/vc_column_inner][vc_column_inner width=\u00bb3\/4&#8243; lg_spacing=\u00bbmargin_bottom:30;padding_top:0&#8243;][tm_heading tag=\u00bbdiv\u00bb custom_google_font=\u00bb\u00bb google_fonts=\u00bbfont_family:Poppins%3A300%2Cregular%2C500%2C600%2C700|font_style:700%20bold%20regular%3A700%3Anormal\u00bb font_weight=\u00bb700&#8243; text_color=\u00bbsecondary\u00bb text=\u00bbDirecci\u00f3n\u00bb line_height=\u00bb1&#8243; font_size=\u00bblg:18&#8243; css=\u00bb.vc_custom_1692136880485{margin-bottom: 10px !important;}\u00bb][tm_heading tag=\u00bbdiv\u00bb custom_google_font=\u00bb\u00bb google_fonts=\u00bbfont_family:Poppins%3A300%2Cregular%2C500%2C600%2C700|font_style:400%20regular%3A400%3Anormal\u00bb text=\u00bbAv. Nicol\u00e1s Ayll\u00f3n 2929, 4to piso, El Agustino.\u00bb line_height=\u00bb24px\u00bb][\/vc_column_inner][\/vc_row_inner][\/vc_column][vc_column width=\u00bb1\/3&#8243; lg_spacing=\u00bbmargin_bottom:30;padding_top:0&#8243;][vc_row_inner content_placement=\u00bbmiddle\u00bb][vc_column_inner width=\u00bb1\/4&#8243; lg_spacing=\u00bbmargin_bottom:30;padding_top:0&#8243;][tm_image image=\u00bb1060&#8243;][\/vc_column_inner][vc_column_inner width=\u00bb3\/4&#8243; lg_spacing=\u00bbmargin_bottom:30;padding_top:0&#8243;][tm_heading tag=\u00bbdiv\u00bb custom_google_font=\u00bb\u00bb google_fonts=\u00bbfont_family:Poppins%3A300%2Cregular%2C500%2C600%2C700|font_style:700%20bold%20regular%3A700%3Anormal\u00bb font_weight=\u00bb700&#8243; text_color=\u00bbsecondary\u00bb text=\u00bbCentral telef\u00f3nica\u00bb line_height=\u00bb1&#8243; font_size=\u00bblg:18&#8243; css=\u00bb.vc_custom_1692136934818{margin-bottom: 10px !important;}\u00bb][tm_heading tag=\u00bbdiv\u00bb custom_google_font=\u00bb\u00bb google_fonts=\u00bbfont_family:Poppins%3A300%2Cregular%2C500%2C600%2C700|font_style:400%20regular%3A400%3Anormal\u00bb text=\u00bb(01) 640 1609&#8243; line_height=\u00bb24px\u00bb][\/vc_column_inner][\/vc_row_inner][\/vc_column][vc_column width=\u00bb1\/3&#8243; lg_spacing=\u00bbmargin_bottom:30;padding_top:0&#8243;][vc_row_inner content_placement=\u00bbmiddle\u00bb][vc_column_inner width=\u00bb1\/4&#8243; lg_spacing=\u00bbmargin_bottom:30;padding_top:0&#8243;][tm_image image=\u00bb1061&#8243;][\/vc_column_inner][vc_column_inner width=\u00bb3\/4&#8243; lg_spacing=\u00bbmargin_bottom:30;padding_top:0&#8243;][tm_heading tag=\u00bbdiv\u00bb custom_google_font=\u00bb\u00bb google_fonts=\u00bbfont_family:Poppins%3A300%2Cregular%2C500%2C600%2C700|font_style:700%20bold%20regular%3A700%3Anormal\u00bb font_weight=\u00bb700&#8243; text_color=\u00bbsecondary\u00bb text=\u00bbAtenci\u00f3n\u00bb line_height=\u00bb1&#8243; font_size=\u00bblg:18&#8243; css=\u00bb.vc_custom_1692137009244{margin-bottom: 10px !important;}\u00bb][tm_heading tag=\u00bbdiv\u00bb custom_google_font=\u00bb\u00bb google_fonts=\u00bbfont_family:Poppins%3A300%2Cregular%2C500%2C600%2C700|font_style:400%20regular%3A400%3Anormal\u00bb text=\u00bbventas@mio.pe\u00bb line_height=\u00bb24px\u00bb][\/vc_column_inner][\/vc_row_inner][\/vc_column][\/vc_row][vc_row][vc_column][tm_heading tag=\u00bbdiv\u00bb custom_google_font=\u00bb\u00bb google_fonts=\u00bbfont_family:Poppins%3A300%2Cregular%2C500%2C600%2C700|font_style:700%20bold%20regular%3A700%3Anormal\u00bb font_weight=\u00bb700&#8243; align=\u00bbcenter\u00bb text_color=\u00bbsecondary\u00bb text=\u00bb\u00a1Cont\u00e1ctate con nosotros!\u00bb line_height=\u00bb1&#8243; font_size=\u00bblg:40&#8243; css=\u00bb.vc_custom_1692137066319{margin-bottom: 10px !important;}\u00bb][tm_spacer size=\u00bblg:70&#8243;][tm_contact_form_7 id=\u00bb1073&#8243; style=\u00bb08&#8243;][tm_spacer size=\u00bblg:120&#8243;][\/vc_column][\/vc_row]","og_url":"https:\/\/mio.pe\/miocorp\/contacto\/","og_site_name":"Mio Corporaci\u00f3n Tecnolog\u00eda SAC","article_modified_time":"2023-08-28T14:22:08+00:00","twitter_card":"summary_large_image","twitter_misc":{"Tiempo de lectura":"2 minutos"},"schema":{"@context":"https:\/\/schema.org","@graph":[{"@type":"WebPage","@id":"https:\/\/mio.pe\/miocorp\/contacto\/","url":"https:\/\/mio.pe\/miocorp\/contacto\/","name":"Contacto - Mio Corporaci\u00f3n Tecnolog\u00eda SAC","isPartOf":{"@id":"https:\/\/mio.pe\/miocorp\/#website"},"datePublished":"2018-08-02T07:25:22+00:00","dateModified":"2023-08-28T14:22:08+00:00","breadcrumb":{"@id":"https:\/\/mio.pe\/miocorp\/contacto\/#breadcrumb"},"inLanguage":"es","potentialAction":[{"@type":"ReadAction","target":["https:\/\/mio.pe\/miocorp\/contacto\/"]}]},{"@type":"BreadcrumbList","@id":"https:\/\/mio.pe\/miocorp\/contacto\/#breadcrumb","itemListElement":[{"@type":"ListItem","position":1,"name":"Portada","item":"https:\/\/mio.pe\/miocorp\/"},{"@type":"ListItem","position":2,"name":"Contacto"}]},{"@type":"WebSite","@id":"https:\/\/mio.pe\/miocorp\/#website","url":"https:\/\/mio.pe\/miocorp\/","name":"Mio Corporaci\u00f3n Tecnolog\u00eda SAC","description":"Tecnolog\u00eda que genera valor","publisher":{"@id":"https:\/\/mio.pe\/miocorp\/#organization"},"potentialAction":[{"@type":"SearchAction","target":{"@type":"EntryPoint","urlTemplate":"https:\/\/mio.pe\/miocorp\/?s={search_term_string}"},"query-input":{"@type":"PropertyValueSpecification","valueRequired":true,"valueName":"search_term_string"}}],"inLanguage":"es"},{"@type":"Organization","@id":"https:\/\/mio.pe\/miocorp\/#organization","name":"Mio Corporaci\u00f3n Tecnolog\u00eda SAC","url":"https:\/\/mio.pe\/miocorp\/","logo":{"@type":"ImageObject","inLanguage":"es","@id":"https:\/\/mio.pe\/miocorp\/#\/schema\/logo\/image\/","url":"https:\/\/mio.pe\/miocorp\/wp-content\/uploads\/2018\/07\/mio-web-dark-logo.png","contentUrl":"https:\/\/mio.pe\/miocorp\/wp-content\/uploads\/2018\/07\/mio-web-dark-logo.png","width":500,"height":250,"caption":"Mio Corporaci\u00f3n Tecnolog\u00eda SAC"},"image":{"@id":"https:\/\/mio.pe\/miocorp\/#\/schema\/logo\/image\/"},"sameAs":["https:\/\/www.linkedin.com\/company\/mio-corporacin\/"]}]}},"_links":{"self":[{"href":"https:\/\/mio.pe\/miocorp\/wp-json\/wp\/v2\/pages\/1025","targetHints":{"allow":["GET"]}}],"collection":[{"href":"https:\/\/mio.pe\/miocorp\/wp-json\/wp\/v2\/pages"}],"about":[{"href":"https:\/\/mio.pe\/miocorp\/wp-json\/wp\/v2\/types\/page"}],"author":[{"embeddable":true,"href":"https:\/\/mio.pe\/miocorp\/wp-json\/wp\/v2\/users\/2"}],"replies":[{"embeddable":true,"href":"https:\/\/mio.pe\/miocorp\/wp-json\/wp\/v2\/comments?post=1025"}],"version-history":[{"count":3,"href":"https:\/\/mio.pe\/miocorp\/wp-json\/wp\/v2\/pages\/1025\/revisions"}],"predecessor-version":[{"id":3708,"href":"https:\/\/mio.pe\/miocorp\/wp-json\/wp\/v2\/pages\/1025\/revisions\/3708"}],"wp:attachment":[{"href":"https:\/\/mio.pe\/miocorp\/wp-json\/wp\/v2\/media?parent=1025"}],"curies":[{"name":"wp","href":"https:\/\/api.w.org\/{rel}","templated":true}]}}